{"id":2,"date":"2026-01-14T10:03:05","date_gmt":"2026-01-14T10:03:05","guid":{"rendered":"https:\/\/siniestrosbufetesanalve.rkinformatika.online\/?page_id=2"},"modified":"2026-01-22T14:21:45","modified_gmt":"2026-01-22T14:21:45","slug":"inicio","status":"publish","type":"page","link":"https:\/\/siniestrosbufetesanalve.com\/en\/","title":{"rendered":"Home"},"content":{"rendered":"<div data-elementor-type=\"wp-page\" data-elementor-id=\"2\" class=\"elementor elementor-2\" data-elementor-post-type=\"page\">\n\t\t\t\t<div class=\"elementor-element elementor-element-4d08b53 e-flex e-con-boxed e-con e-parent\" data-id=\"4d08b53\" data-element_type=\"container\" data-e-type=\"container\" data-settings=\"{&quot;background_background&quot;:&quot;classic&quot;}\">\n\t\t\t\t\t<div class=\"e-con-inner\">\n\t\t<div class=\"elementor-element elementor-element-3ca8f57 e-con-full e-flex e-con e-child\" data-id=\"3ca8f57\" data-element_type=\"container\" data-e-type=\"container\">\n\t\t\t\t<div class=\"elementor-element elementor-element-b5ca946 elementor-headline--style-highlight elementor-widget elementor-widget-animated-headline\" data-id=\"b5ca946\" data-element_type=\"widget\" data-e-type=\"widget\" data-settings=\"{&quot;marker&quot;:&quot;underline_zigzag&quot;,&quot;highlighted_text&quot;:&quot;Siniestros&quot;,&quot;headline_style&quot;:&quot;highlight&quot;,&quot;loop&quot;:&quot;yes&quot;,&quot;highlight_animation_duration&quot;:1200,&quot;highlight_iteration_delay&quot;:8000}\" data-widget_type=\"animated-headline.default\">\n\t\t\t\t\t\t\t<h3 class=\"elementor-headline\">\n\t\t\t\t<span class=\"elementor-headline-dynamic-wrapper elementor-headline-text-wrapper\">\n\t\t\t\t\t<span class=\"elementor-headline-dynamic-text elementor-headline-text-active\">Claims<\/span>\n\t\t\t\t<\/span>\n\t\t\t\t\t<span class=\"elementor-headline-plain-text elementor-headline-text-wrapper\">Sanalve Law Firm<\/span>\n\t\t\t\t\t<\/h3>\n\t\t\t\t\t\t<\/div>\n\t\t\t\t<\/div>\n\t\t\t\t\t<\/div>\n\t\t\t\t<\/div>\n\t\t<div class=\"elementor-element elementor-element-f73e524 e-flex e-con-boxed elementor-invisible e-con e-parent\" data-id=\"f73e524\" data-element_type=\"container\" data-e-type=\"container\" data-settings=\"{&quot;animation&quot;:&quot;fadeInUp&quot;,&quot;background_background&quot;:&quot;classic&quot;}\">\n\t\t\t\t\t<div class=\"e-con-inner\">\n\t\t<div class=\"elementor-element elementor-element-052f0c0 e-con-full e-flex e-con e-child\" data-id=\"052f0c0\" data-element_type=\"container\" data-e-type=\"container\">\n\t\t\t\t<div class=\"elementor-element elementor-element-b1ad6e8 elementor-invisible elementor-widget elementor-widget-heading\" data-id=\"b1ad6e8\" data-element_type=\"widget\" data-e-type=\"widget\" data-settings=\"{&quot;_animation&quot;:&quot;fadeIn&quot;,&quot;_animation_delay&quot;:50}\" data-widget_type=\"heading.default\">\n\t\t\t\t\t<h2 class=\"elementor-heading-title elementor-size-default\">Home<\/h2>\t\t\t\t<\/div>\n\t\t\t\t<div class=\"elementor-element elementor-element-6831fdb elementor-invisible elementor-widget elementor-widget-heading\" data-id=\"6831fdb\" data-element_type=\"widget\" data-e-type=\"widget\" data-settings=\"{&quot;_animation&quot;:&quot;fadeIn&quot;,&quot;_animation_delay&quot;:100}\" data-widget_type=\"heading.default\">\n\t\t\t\t\t<h2 class=\"elementor-heading-title elementor-size-default\">About Us <\/h2>\t\t\t\t<\/div>\n\t\t\t\t<div class=\"elementor-element elementor-element-f468365 elementor-widget elementor-widget-text-editor\" data-id=\"f468365\" data-element_type=\"widget\" data-e-type=\"widget\" data-widget_type=\"text-editor.default\">\n\t\t\t\t\t\t\t\t\t<p><strong>Sanalve Law Firm<\/strong> is a multidisciplinary law firm with extensive and consolidated experience in litigation, as well as in legal advice in various areas of law.<\/p>\t\t\t\t\t\t\t\t<\/div>\n\t\t\t\t<\/div>\n\t\t<div class=\"elementor-element elementor-element-1fad730 e-con-full e-flex e-con e-child\" data-id=\"1fad730\" data-element_type=\"container\" data-e-type=\"container\">\n\t\t\t\t<div class=\"elementor-element elementor-element-0bf0cfc elementor-widget elementor-widget-image\" data-id=\"0bf0cfc\" data-element_type=\"widget\" data-e-type=\"widget\" data-widget_type=\"image.default\">\n\t\t\t\t\t\t\t\t\t\t\t\t\t\t\t<img decoding=\"async\" src=\"https:\/\/siniestrosbufetesanalve.com\/wp-content\/uploads\/elementor\/thumbs\/5840-rhn5stiofle23om56qw7pqj37q8fd5443272h7twgw.jpg\" title=\"5840\" alt=\"5840\" loading=\"lazy\" \/>\t\t\t\t\t\t\t\t\t\t\t\t\t\t\t<\/div>\n\t\t\t\t<\/div>\n\t\t\t\t\t<\/div>\n\t\t\t\t<\/div>\n\t\t<div class=\"elementor-element elementor-element-4b99827 e-flex e-con-boxed elementor-invisible e-con e-parent\" data-id=\"4b99827\" data-element_type=\"container\" data-e-type=\"container\" data-settings=\"{&quot;animation&quot;:&quot;fadeInUp&quot;}\">\n\t\t\t\t\t<div class=\"e-con-inner\">\n\t\t<div class=\"elementor-element elementor-element-6646ec6 e-con-full e-flex e-con e-child\" data-id=\"6646ec6\" data-element_type=\"container\" data-e-type=\"container\">\n\t\t\t\t<div class=\"elementor-element elementor-element-e800058 elementor-widget elementor-widget-image\" data-id=\"e800058\" data-element_type=\"widget\" data-e-type=\"widget\" data-widget_type=\"image.default\">\n\t\t\t\t\t\t\t\t\t\t\t\t\t\t\t<img decoding=\"async\" src=\"https:\/\/siniestrosbufetesanalve.com\/wp-content\/uploads\/elementor\/thumbs\/929-rhn5ssku8rcrs2nic8hl58rmmcd25g0dqxjkzxvan4.jpg\" title=\"929\" alt=\"929\" loading=\"lazy\" \/>\t\t\t\t\t\t\t\t\t\t\t\t\t\t\t<\/div>\n\t\t\t\t<\/div>\n\t\t<div class=\"elementor-element elementor-element-f0c3b4f e-con-full e-flex e-con e-child\" data-id=\"f0c3b4f\" data-element_type=\"container\" data-e-type=\"container\">\n\t\t\t\t<div class=\"elementor-element elementor-element-1f84a60 elementor-invisible elementor-widget elementor-widget-heading\" data-id=\"1f84a60\" data-element_type=\"widget\" data-e-type=\"widget\" data-settings=\"{&quot;_animation&quot;:&quot;fadeIn&quot;,&quot;_animation_delay&quot;:50}\" data-widget_type=\"heading.default\">\n\t\t\t\t\t<h2 class=\"elementor-heading-title elementor-size-default\">team<\/h2>\t\t\t\t<\/div>\n\t\t\t\t<div class=\"elementor-element elementor-element-4ecaa54 elementor-invisible elementor-widget elementor-widget-heading\" data-id=\"4ecaa54\" data-element_type=\"widget\" data-e-type=\"widget\" data-settings=\"{&quot;_animation&quot;:&quot;fadeIn&quot;,&quot;_animation_delay&quot;:100}\" data-widget_type=\"heading.default\">\n\t\t\t\t\t<h2 class=\"elementor-heading-title elementor-size-default\">Your accident is in good hands!<\/h2>\t\t\t\t<\/div>\n\t\t\t\t<div class=\"elementor-element elementor-element-4736da2 elementor-widget elementor-widget-text-editor\" data-id=\"4736da2\" data-element_type=\"widget\" data-e-type=\"widget\" data-widget_type=\"text-editor.default\">\n\t\t\t\t\t\t\t\t\t<p>We have a large team and highly qualified departments that are committed to providing a quality service, giving you the best advice in case you have suffered a traffic accident.<\/p>\t\t\t\t\t\t\t\t<\/div>\n\t\t\t\t<\/div>\n\t\t\t\t\t<\/div>\n\t\t\t\t<\/div>\n\t\t<div class=\"elementor-element elementor-element-ffb1a98 e-flex e-con-boxed e-con e-parent\" data-id=\"ffb1a98\" data-element_type=\"container\" data-e-type=\"container\" data-settings=\"{&quot;background_background&quot;:&quot;classic&quot;}\">\n\t\t\t\t\t<div class=\"e-con-inner\">\n\t\t\t\t<div class=\"elementor-element elementor-element-bab9af8 elementor-invisible elementor-widget elementor-widget-heading\" data-id=\"bab9af8\" data-element_type=\"widget\" data-e-type=\"widget\" data-settings=\"{&quot;_animation&quot;:&quot;fadeInRight&quot;,&quot;_animation_delay&quot;:100}\" data-widget_type=\"heading.default\">\n\t\t\t\t\t<h2 class=\"elementor-heading-title elementor-size-default\">We help you claim compensation in traffic accident cases!<\/h2>\t\t\t\t<\/div>\n\t\t\t\t<div class=\"elementor-element elementor-element-22a8fac elementor-invisible elementor-widget elementor-widget-button\" data-id=\"22a8fac\" data-element_type=\"widget\" data-e-type=\"widget\" data-settings=\"{&quot;_animation&quot;:&quot;fadeInLeft&quot;}\" data-widget_type=\"button.default\">\n\t\t\t\t\t\t\t\t\t\t<a class=\"elementor-button elementor-button-link elementor-size-sm\" href=\"\/en\/servicios\/\">\n\t\t\t\t\t\t<span class=\"elementor-button-content-wrapper\">\n\t\t\t\t\t\t\t\t\t<span class=\"elementor-button-text\">Services<\/span>\n\t\t\t\t\t<\/span>\n\t\t\t\t\t<\/a>\n\t\t\t\t\t\t\t\t<\/div>\n\t\t\t\t\t<\/div>\n\t\t\t\t<\/div>\n\t\t<div class=\"elementor-element elementor-element-199d35c e-flex e-con-boxed elementor-invisible e-con e-parent\" data-id=\"199d35c\" data-element_type=\"container\" data-e-type=\"container\" data-settings=\"{&quot;background_background&quot;:&quot;classic&quot;,&quot;animation&quot;:&quot;fadeInUp&quot;}\">\n\t\t\t\t\t<div class=\"e-con-inner\">\n\t\t<div class=\"elementor-element elementor-element-1625423 e-con-full e-flex e-con e-child\" data-id=\"1625423\" data-element_type=\"container\" data-e-type=\"container\">\n\t\t\t\t<div class=\"elementor-element elementor-element-6a9d3cc elementor-widget elementor-widget-image\" data-id=\"6a9d3cc\" data-element_type=\"widget\" data-e-type=\"widget\" data-widget_type=\"image.default\">\n\t\t\t\t\t\t\t\t\t\t\t\t\t\t\t<img fetchpriority=\"high\" decoding=\"async\" width=\"768\" height=\"512\" src=\"https:\/\/siniestrosbufetesanalve.com\/wp-content\/uploads\/2026\/01\/45213-768x512.jpg\" class=\"attachment-medium_large size-medium_large wp-image-247\" alt=\"\" srcset=\"https:\/\/siniestrosbufetesanalve.com\/wp-content\/uploads\/2026\/01\/45213-768x512.jpg 768w, https:\/\/siniestrosbufetesanalve.com\/wp-content\/uploads\/2026\/01\/45213-300x200.jpg 300w, https:\/\/siniestrosbufetesanalve.com\/wp-content\/uploads\/2026\/01\/45213-18x12.jpg 18w, https:\/\/siniestrosbufetesanalve.com\/wp-content\/uploads\/2026\/01\/45213.jpg 1000w\" sizes=\"(max-width: 768px) 100vw, 768px\" \/>\t\t\t\t\t\t\t\t\t\t\t\t\t\t\t<\/div>\n\t\t\t\t<\/div>\n\t\t<div class=\"elementor-element elementor-element-09b61ce e-con-full e-flex e-con e-child\" data-id=\"09b61ce\" data-element_type=\"container\" data-e-type=\"container\">\n\t\t\t\t<div class=\"elementor-element elementor-element-dffbef7 elementor-invisible elementor-widget elementor-widget-heading\" data-id=\"dffbef7\" data-element_type=\"widget\" data-e-type=\"widget\" data-settings=\"{&quot;_animation&quot;:&quot;fadeIn&quot;,&quot;_animation_delay&quot;:50}\" data-widget_type=\"heading.default\">\n\t\t\t\t\t<h2 class=\"elementor-heading-title elementor-size-default\">choose us<\/h2>\t\t\t\t<\/div>\n\t\t\t\t<div class=\"elementor-element elementor-element-7f6b675 elementor-invisible elementor-widget elementor-widget-heading\" data-id=\"7f6b675\" data-element_type=\"widget\" data-e-type=\"widget\" data-settings=\"{&quot;_animation&quot;:&quot;fadeIn&quot;,&quot;_animation_delay&quot;:100}\" data-widget_type=\"heading.default\">\n\t\t\t\t\t<h2 class=\"elementor-heading-title elementor-size-default\">Why us?<\/h2>\t\t\t\t<\/div>\n\t\t\t\t<div class=\"elementor-element elementor-element-efadaa9 elementor-align-start elementor-icon-list--layout-traditional elementor-list-item-link-full_width elementor-widget elementor-widget-icon-list\" data-id=\"efadaa9\" data-element_type=\"widget\" data-e-type=\"widget\" data-widget_type=\"icon-list.default\">\n\t\t\t\t\t\t\t<ul class=\"elementor-icon-list-items\">\n\t\t\t\t\t\t\t<li class=\"elementor-icon-list-item\">\n\t\t\t\t\t\t\t\t\t\t\t<span class=\"elementor-icon-list-icon\">\n\t\t\t\t\t\t\t<svg aria-hidden=\"true\" class=\"e-font-icon-svg e-fas-hand-point-right\" viewbox=\"0 0 512 512\" xmlns=\"http:\/\/www.w3.org\/2000\/svg\"><path d=\"M512 199.652c0 23.625-20.65 43.826-44.8 43.826h-99.851c16.34 17.048 18.346 49.766-6.299 70.944 14.288 22.829 2.147 53.017-16.45 62.315C353.574 425.878 322.654 448 272 448c-2.746 0-13.276-.203-16-.195-61.971.168-76.894-31.065-123.731-38.315C120.596 407.683 112 397.599 112 385.786V214.261l.002-.001c.011-18.366 10.607-35.889 28.464-43.845 28.886-12.994 95.413-49.038 107.534-77.323 7.797-18.194 21.384-29.084 40-29.092 34.222-.014 57.752 35.098 44.119 66.908-3.583 8.359-8.312 16.67-14.153 24.918H467.2c23.45 0 44.8 20.543 44.8 43.826zM96 200v192c0 13.255-10.745 24-24 24H24c-13.255 0-24-10.745-24-24V200c0-13.255 10.745-24 24-24h48c13.255 0 24 10.745 24 24zM68 368c0-11.046-8.954-20-20-20s-20 8.954-20 20 8.954 20 20 20 20-8.954 20-20z\"><\/path><\/svg>\t\t\t\t\t\t<\/span>\n\t\t\t\t\t\t\t\t\t\t<span class=\"elementor-icon-list-text\">Traffic accident specialists<\/span>\n\t\t\t\t\t\t\t\t\t<\/li>\n\t\t\t\t\t\t\t\t<li class=\"elementor-icon-list-item\">\n\t\t\t\t\t\t\t\t\t\t\t<span class=\"elementor-icon-list-icon\">\n\t\t\t\t\t\t\t<svg aria-hidden=\"true\" class=\"e-font-icon-svg e-fas-hand-point-right\" viewbox=\"0 0 512 512\" xmlns=\"http:\/\/www.w3.org\/2000\/svg\"><path d=\"M512 199.652c0 23.625-20.65 43.826-44.8 43.826h-99.851c16.34 17.048 18.346 49.766-6.299 70.944 14.288 22.829 2.147 53.017-16.45 62.315C353.574 425.878 322.654 448 272 448c-2.746 0-13.276-.203-16-.195-61.971.168-76.894-31.065-123.731-38.315C120.596 407.683 112 397.599 112 385.786V214.261l.002-.001c.011-18.366 10.607-35.889 28.464-43.845 28.886-12.994 95.413-49.038 107.534-77.323 7.797-18.194 21.384-29.084 40-29.092 34.222-.014 57.752 35.098 44.119 66.908-3.583 8.359-8.312 16.67-14.153 24.918H467.2c23.45 0 44.8 20.543 44.8 43.826zM96 200v192c0 13.255-10.745 24-24 24H24c-13.255 0-24-10.745-24-24V200c0-13.255 10.745-24 24-24h48c13.255 0 24 10.745 24 24zM68 368c0-11.046-8.954-20-20-20s-20 8.954-20 20 8.954 20 20 20 20-8.954 20-20z\"><\/path><\/svg>\t\t\t\t\t\t<\/span>\n\t\t\t\t\t\t\t\t\t\t<span class=\"elementor-icon-list-text\">We'll accompany you and take care of the whole process<\/span>\n\t\t\t\t\t\t\t\t\t<\/li>\n\t\t\t\t\t\t\t\t<li class=\"elementor-icon-list-item\">\n\t\t\t\t\t\t\t\t\t\t\t<span class=\"elementor-icon-list-icon\">\n\t\t\t\t\t\t\t<svg aria-hidden=\"true\" class=\"e-font-icon-svg e-fas-hand-point-right\" viewbox=\"0 0 512 512\" xmlns=\"http:\/\/www.w3.org\/2000\/svg\"><path d=\"M512 199.652c0 23.625-20.65 43.826-44.8 43.826h-99.851c16.34 17.048 18.346 49.766-6.299 70.944 14.288 22.829 2.147 53.017-16.45 62.315C353.574 425.878 322.654 448 272 448c-2.746 0-13.276-.203-16-.195-61.971.168-76.894-31.065-123.731-38.315C120.596 407.683 112 397.599 112 385.786V214.261l.002-.001c.011-18.366 10.607-35.889 28.464-43.845 28.886-12.994 95.413-49.038 107.534-77.323 7.797-18.194 21.384-29.084 40-29.092 34.222-.014 57.752 35.098 44.119 66.908-3.583 8.359-8.312 16.67-14.153 24.918H467.2c23.45 0 44.8 20.543 44.8 43.826zM96 200v192c0 13.255-10.745 24-24 24H24c-13.255 0-24-10.745-24-24V200c0-13.255 10.745-24 24-24h48c13.255 0 24 10.745 24 24zM68 368c0-11.046-8.954-20-20-20s-20 8.954-20 20 8.954 20 20 20 20-8.954 20-20z\"><\/path><\/svg>\t\t\t\t\t\t<\/span>\n\t\t\t\t\t\t\t\t\t\t<span class=\"elementor-icon-list-text\">Clear dealings, a solid strategy, and maximum transparency.<\/span>\n\t\t\t\t\t\t\t\t\t<\/li>\n\t\t\t\t\t\t\t\t<li class=\"elementor-icon-list-item\">\n\t\t\t\t\t\t\t\t\t\t\t<span class=\"elementor-icon-list-icon\">\n\t\t\t\t\t\t\t<svg aria-hidden=\"true\" class=\"e-font-icon-svg e-fas-hand-point-right\" viewbox=\"0 0 512 512\" xmlns=\"http:\/\/www.w3.org\/2000\/svg\"><path d=\"M512 199.652c0 23.625-20.65 43.826-44.8 43.826h-99.851c16.34 17.048 18.346 49.766-6.299 70.944 14.288 22.829 2.147 53.017-16.45 62.315C353.574 425.878 322.654 448 272 448c-2.746 0-13.276-.203-16-.195-61.971.168-76.894-31.065-123.731-38.315C120.596 407.683 112 397.599 112 385.786V214.261l.002-.001c.011-18.366 10.607-35.889 28.464-43.845 28.886-12.994 95.413-49.038 107.534-77.323 7.797-18.194 21.384-29.084 40-29.092 34.222-.014 57.752 35.098 44.119 66.908-3.583 8.359-8.312 16.67-14.153 24.918H467.2c23.45 0 44.8 20.543 44.8 43.826zM96 200v192c0 13.255-10.745 24-24 24H24c-13.255 0-24-10.745-24-24V200c0-13.255 10.745-24 24-24h48c13.255 0 24 10.745 24 24zM68 368c0-11.046-8.954-20-20-20s-20 8.954-20 20 8.954 20 20 20 20-8.954 20-20z\"><\/path><\/svg>\t\t\t\t\t\t<\/span>\n\t\t\t\t\t\t\t\t\t\t<span class=\"elementor-icon-list-text\">Defending your rights, rigorously<\/span>\n\t\t\t\t\t\t\t\t\t<\/li>\n\t\t\t\t\t\t<\/ul>\n\t\t\t\t\t\t<\/div>\n\t\t\t\t<\/div>\n\t\t\t\t\t<\/div>\n\t\t\t\t<\/div>\n\t\t\t\t<\/div>","protected":false},"excerpt":{"rendered":"<p>Siniestros Bufete Sanalve inicio Sobre nosotros Siniestros Bufete Sanalve es un despacho de abogados multidisciplinar con una amplia y consolidada experiencia en litigaci\u00f3n, as\u00ed como en asesoramiento jur\u00eddico en diversos \u00e1mbitos del derecho. equipo \u00a1Tu accidente, en buenas manos! Contamos con un equipo extenso y departamentos altamente cualificados que est\u00e1n comprometidos a ofrecer un servicio [&hellip;]<\/p>\n","protected":false},"author":1,"featured_media":0,"parent":0,"menu_order":0,"comment_status":"closed","ping_status":"closed","template":"elementor_canvas","meta":{"footnotes":""},"class_list":["post-2","page","type-page","status-publish","hentry"],"yoast_head":"<!-- This site is optimized with the Yoast SEO plugin v27.4 - https:\/\/yoast.com\/product\/yoast-seo-wordpress\/ -->\n<title>Inicio - Siniestros Bufete Sanalve<\/title>\n<meta name=\"robots\" content=\"index, follow, max-snippet:-1, max-image-preview:large, max-video-preview:-1\" \/>\n<link rel=\"canonical\" href=\"https:\/\/siniestrosbufetesanalve.com\/en\/\" \/>\n<meta property=\"og:locale\" content=\"en_GB\" \/>\n<meta property=\"og:type\" content=\"article\" \/>\n<meta property=\"og:title\" content=\"Inicio - Siniestros Bufete Sanalve\" \/>\n<meta property=\"og:description\" content=\"Siniestros Bufete Sanalve inicio Sobre nosotros Siniestros Bufete Sanalve es un despacho de abogados multidisciplinar con una amplia y consolidada experiencia en litigaci\u00f3n, as\u00ed como en asesoramiento jur\u00eddico en diversos \u00e1mbitos del derecho. equipo \u00a1Tu accidente, en buenas manos! Contamos con un equipo extenso y departamentos altamente cualificados que est\u00e1n comprometidos a ofrecer un servicio [&hellip;]\" \/>\n<meta property=\"og:url\" content=\"https:\/\/siniestrosbufetesanalve.com\/en\/\" \/>\n<meta property=\"og:site_name\" content=\"Siniestros Bufete Sanalve\" \/>\n<meta property=\"article:modified_time\" content=\"2026-01-22T14:21:45+00:00\" \/>\n<meta property=\"og:image\" content=\"https:\/\/siniestrosbufetesanalve.com\/wp-content\/uploads\/elementor\/thumbs\/5840-rhn5stiofle23om56qw7pqj37q8fd5443272h7twgw.jpg\" \/>\n<meta name=\"twitter:card\" content=\"summary_large_image\" \/>\n<meta name=\"twitter:label1\" content=\"Estimated reading time\" \/>\n\t<meta name=\"twitter:data1\" content=\"1 minute\" \/>\n<script type=\"application\/ld+json\" class=\"yoast-schema-graph\">{\"@context\":\"https:\\\/\\\/schema.org\",\"@graph\":[{\"@type\":\"WebPage\",\"@id\":\"https:\\\/\\\/siniestrosbufetesanalve.com\\\/\",\"url\":\"https:\\\/\\\/siniestrosbufetesanalve.com\\\/\",\"name\":\"Inicio - Siniestros Bufete Sanalve\",\"isPartOf\":{\"@id\":\"https:\\\/\\\/siniestrosbufetesanalve.com\\\/#website\"},\"primaryImageOfPage\":{\"@id\":\"https:\\\/\\\/siniestrosbufetesanalve.com\\\/#primaryimage\"},\"image\":{\"@id\":\"https:\\\/\\\/siniestrosbufetesanalve.com\\\/#primaryimage\"},\"thumbnailUrl\":\"https:\\\/\\\/siniestrosbufetesanalve.com\\\/wp-content\\\/uploads\\\/elementor\\\/thumbs\\\/5840-rhn5stiofle23om56qw7pqj37q8fd5443272h7twgw.jpg\",\"datePublished\":\"2026-01-14T10:03:05+00:00\",\"dateModified\":\"2026-01-22T14:21:45+00:00\",\"breadcrumb\":{\"@id\":\"https:\\\/\\\/siniestrosbufetesanalve.com\\\/#breadcrumb\"},\"inLanguage\":\"en-GB\",\"potentialAction\":[{\"@type\":\"ReadAction\",\"target\":[\"https:\\\/\\\/siniestrosbufetesanalve.com\\\/\"]}]},{\"@type\":\"ImageObject\",\"inLanguage\":\"en-GB\",\"@id\":\"https:\\\/\\\/siniestrosbufetesanalve.com\\\/#primaryimage\",\"url\":\"https:\\\/\\\/siniestrosbufetesanalve.com\\\/wp-content\\\/uploads\\\/elementor\\\/thumbs\\\/5840-rhn5stiofle23om56qw7pqj37q8fd5443272h7twgw.jpg\",\"contentUrl\":\"https:\\\/\\\/siniestrosbufetesanalve.com\\\/wp-content\\\/uploads\\\/elementor\\\/thumbs\\\/5840-rhn5stiofle23om56qw7pqj37q8fd5443272h7twgw.jpg\"},{\"@type\":\"BreadcrumbList\",\"@id\":\"https:\\\/\\\/siniestrosbufetesanalve.com\\\/#breadcrumb\",\"itemListElement\":[{\"@type\":\"ListItem\",\"position\":1,\"name\":\"Portada\",\"item\":\"https:\\\/\\\/siniestrosbufetesanalve.com\\\/\"},{\"@type\":\"ListItem\",\"position\":2,\"name\":\"Inicio\"}]},{\"@type\":\"WebSite\",\"@id\":\"https:\\\/\\\/siniestrosbufetesanalve.com\\\/#website\",\"url\":\"https:\\\/\\\/siniestrosbufetesanalve.com\\\/\",\"name\":\"Siniestros Bufete Sanalve\",\"description\":\"Siniestros Bufete Sanalve\",\"publisher\":{\"@id\":\"https:\\\/\\\/siniestrosbufetesanalve.com\\\/#organization\"},\"potentialAction\":[{\"@type\":\"SearchAction\",\"target\":{\"@type\":\"EntryPoint\",\"urlTemplate\":\"https:\\\/\\\/siniestrosbufetesanalve.com\\\/?s={search_term_string}\"},\"query-input\":{\"@type\":\"PropertyValueSpecification\",\"valueRequired\":true,\"valueName\":\"search_term_string\"}}],\"inLanguage\":\"en-GB\"},{\"@type\":\"Organization\",\"@id\":\"https:\\\/\\\/siniestrosbufetesanalve.com\\\/#organization\",\"name\":\"Siniestros Bufete Sanalve\",\"url\":\"https:\\\/\\\/siniestrosbufetesanalve.com\\\/\",\"logo\":{\"@type\":\"ImageObject\",\"inLanguage\":\"en-GB\",\"@id\":\"https:\\\/\\\/siniestrosbufetesanalve.com\\\/#\\\/schema\\\/logo\\\/image\\\/\",\"url\":\"https:\\\/\\\/siniestrosbufetesanalve.com\\\/wp-content\\\/uploads\\\/2026\\\/01\\\/siniestrosbufetesanalve202511_logo_web.png\",\"contentUrl\":\"https:\\\/\\\/siniestrosbufetesanalve.com\\\/wp-content\\\/uploads\\\/2026\\\/01\\\/siniestrosbufetesanalve202511_logo_web.png\",\"width\":1080,\"height\":288,\"caption\":\"Siniestros Bufete Sanalve\"},\"image\":{\"@id\":\"https:\\\/\\\/siniestrosbufetesanalve.com\\\/#\\\/schema\\\/logo\\\/image\\\/\"}}]}<\/script>\n<!-- \/ Yoast SEO plugin. -->","yoast_head_json":{"title":"Inicio - Siniestros Bufete Sanalve","robots":{"index":"index","follow":"follow","max-snippet":"max-snippet:-1","max-image-preview":"max-image-preview:large","max-video-preview":"max-video-preview:-1"},"canonical":"https:\/\/siniestrosbufetesanalve.com\/en\/","og_locale":"en_GB","og_type":"article","og_title":"Inicio - Siniestros Bufete Sanalve","og_description":"Siniestros Bufete Sanalve inicio Sobre nosotros Siniestros Bufete Sanalve es un despacho de abogados multidisciplinar con una amplia y consolidada experiencia en litigaci\u00f3n, as\u00ed como en asesoramiento jur\u00eddico en diversos \u00e1mbitos del derecho. equipo \u00a1Tu accidente, en buenas manos! Contamos con un equipo extenso y departamentos altamente cualificados que est\u00e1n comprometidos a ofrecer un servicio [&hellip;]","og_url":"https:\/\/siniestrosbufetesanalve.com\/en\/","og_site_name":"Siniestros Bufete Sanalve","article_modified_time":"2026-01-22T14:21:45+00:00","og_image":[{"url":"https:\/\/siniestrosbufetesanalve.com\/wp-content\/uploads\/elementor\/thumbs\/5840-rhn5stiofle23om56qw7pqj37q8fd5443272h7twgw.jpg","type":"","width":"","height":""}],"twitter_card":"summary_large_image","twitter_misc":{"Estimated reading time":"1 minute"},"schema":{"@context":"https:\/\/schema.org","@graph":[{"@type":"WebPage","@id":"https:\/\/siniestrosbufetesanalve.com\/","url":"https:\/\/siniestrosbufetesanalve.com\/","name":"Inicio - Siniestros Bufete Sanalve","isPartOf":{"@id":"https:\/\/siniestrosbufetesanalve.com\/#website"},"primaryImageOfPage":{"@id":"https:\/\/siniestrosbufetesanalve.com\/#primaryimage"},"image":{"@id":"https:\/\/siniestrosbufetesanalve.com\/#primaryimage"},"thumbnailUrl":"https:\/\/siniestrosbufetesanalve.com\/wp-content\/uploads\/elementor\/thumbs\/5840-rhn5stiofle23om56qw7pqj37q8fd5443272h7twgw.jpg","datePublished":"2026-01-14T10:03:05+00:00","dateModified":"2026-01-22T14:21:45+00:00","breadcrumb":{"@id":"https:\/\/siniestrosbufetesanalve.com\/#breadcrumb"},"inLanguage":"en-GB","potentialAction":[{"@type":"ReadAction","target":["https:\/\/siniestrosbufetesanalve.com\/"]}]},{"@type":"ImageObject","inLanguage":"en-GB","@id":"https:\/\/siniestrosbufetesanalve.com\/#primaryimage","url":"https:\/\/siniestrosbufetesanalve.com\/wp-content\/uploads\/elementor\/thumbs\/5840-rhn5stiofle23om56qw7pqj37q8fd5443272h7twgw.jpg","contentUrl":"https:\/\/siniestrosbufetesanalve.com\/wp-content\/uploads\/elementor\/thumbs\/5840-rhn5stiofle23om56qw7pqj37q8fd5443272h7twgw.jpg"},{"@type":"BreadcrumbList","@id":"https:\/\/siniestrosbufetesanalve.com\/#breadcrumb","itemListElement":[{"@type":"ListItem","position":1,"name":"Portada","item":"https:\/\/siniestrosbufetesanalve.com\/"},{"@type":"ListItem","position":2,"name":"Inicio"}]},{"@type":"WebSite","@id":"https:\/\/siniestrosbufetesanalve.com\/#website","url":"https:\/\/siniestrosbufetesanalve.com\/","name":"Sanalve Law Firm","description":"Sanalve Law Firm","publisher":{"@id":"https:\/\/siniestrosbufetesanalve.com\/#organization"},"potentialAction":[{"@type":"SearchAction","target":{"@type":"EntryPoint","urlTemplate":"https:\/\/siniestrosbufetesanalve.com\/?s={search_term_string}"},"query-input":{"@type":"PropertyValueSpecification","valueRequired":true,"valueName":"search_term_string"}}],"inLanguage":"en-GB"},{"@type":"Organization","@id":"https:\/\/siniestrosbufetesanalve.com\/#organization","name":"Sanalve Law Firm","url":"https:\/\/siniestrosbufetesanalve.com\/","logo":{"@type":"ImageObject","inLanguage":"en-GB","@id":"https:\/\/siniestrosbufetesanalve.com\/#\/schema\/logo\/image\/","url":"https:\/\/siniestrosbufetesanalve.com\/wp-content\/uploads\/2026\/01\/siniestrosbufetesanalve202511_logo_web.png","contentUrl":"https:\/\/siniestrosbufetesanalve.com\/wp-content\/uploads\/2026\/01\/siniestrosbufetesanalve202511_logo_web.png","width":1080,"height":288,"caption":"Siniestros Bufete Sanalve"},"image":{"@id":"https:\/\/siniestrosbufetesanalve.com\/#\/schema\/logo\/image\/"}}]}},"_links":{"self":[{"href":"https:\/\/siniestrosbufetesanalve.com\/en\/wp-json\/wp\/v2\/pages\/2","targetHints":{"allow":["GET"]}}],"collection":[{"href":"https:\/\/siniestrosbufetesanalve.com\/en\/wp-json\/wp\/v2\/pages"}],"about":[{"href":"https:\/\/siniestrosbufetesanalve.com\/en\/wp-json\/wp\/v2\/types\/page"}],"author":[{"embeddable":true,"href":"https:\/\/siniestrosbufetesanalve.com\/en\/wp-json\/wp\/v2\/users\/1"}],"replies":[{"embeddable":true,"href":"https:\/\/siniestrosbufetesanalve.com\/en\/wp-json\/wp\/v2\/comments?post=2"}],"version-history":[{"count":94,"href":"https:\/\/siniestrosbufetesanalve.com\/en\/wp-json\/wp\/v2\/pages\/2\/revisions"}],"predecessor-version":[{"id":456,"href":"https:\/\/siniestrosbufetesanalve.com\/en\/wp-json\/wp\/v2\/pages\/2\/revisions\/456"}],"wp:attachment":[{"href":"https:\/\/siniestrosbufetesanalve.com\/en\/wp-json\/wp\/v2\/media?parent=2"}],"curies":[{"name":"wp","href":"https:\/\/api.w.org\/{rel}","templated":true}]}}